{"id":383,"date":"2019-01-02T13:04:59","date_gmt":"2019-01-02T15:04:59","guid":{"rendered":"http:\/\/espora13.com.br\/?page_id=383"},"modified":"2019-01-20T22:21:11","modified_gmt":"2019-01-21T00:21:11","slug":"parceiros","status":"publish","type":"page","link":"https:\/\/espora13.com.br\/index.php\/parceiros\/","title":{"rendered":"Parceiros"},"content":{"rendered":"<p><img loading=\"lazy\" class=\"aligncenter\" src=\"https:\/\/www.ao2ti.com.br\/assets\/images\/logo-site-horizontal-2-1-2500x1250.png\" alt=\"AO2 Tecnologia da Informa\u00c3\u00a7\u00c3\u00a3o\" width=\"304\" height=\"160\" \/><\/p>\n<p style=\"text-align: center;\"><strong>AO2 Tecnologia da Informa\u00e7\u00e3o<\/strong><\/p>\n<p>Servi\u00e7os: Manuten\u00e7\u00e3o, Formata\u00e7\u00e3o, Estrutura\u00e7\u00e3o de Redes, Administra\u00e7\u00e3o de Redes, Suporte Local e Remoto, Consultoria, Design de Sites, Design de Artes Gr\u00e1ficas.<\/p>\n<p>Wpp: (31) 998327-9025<\/p>\n<p>E-mail: contato@ao2ti.com.br<\/p>\n<p>Facebook: <b>\/<\/b> Instagram: <a class=\"twitter-atreply pretty-link js-nav\" dir=\"ltr\" href=\"https:\/\/twitter.com\/ao2ti\" data-mentioned-user-id=\"750352078162300928\"><s>@<\/s><b>ao2ti<\/b><\/a><\/p>\n<p>&nbsp;<\/p>\n<p><img loading=\"lazy\" class=\"aligncenter\" src=\"https:\/\/scontent.fsdu2-1.fna.fbcdn.net\/v\/t1.0-9\/23376434_840262036133433_376500782459514623_n.png?_nc_cat=109&amp;_nc_ht=scontent.fsdu2-1.fna&amp;oh=f05b97eaf6b1377c989da16358be0a2b&amp;oe=5CC2F786\" alt=\"A imagem pode conter: texto\" width=\"195\" height=\"218\" \/><\/p>\n<p style=\"text-align: center;\"><strong>Pulero Bar<\/strong><\/p>\n<p>Av. Francisco S\u00e1, 76 &#8211; Prado, Belo Horizonte &#8211; MG<br \/>\nReservas por telefone: (31) 3309-1313<\/p>\n<p>&nbsp;<\/p>\n<p>Desenvolvemos com nossos parceiros, o conceito de\u00a0gera\u00e7\u00e3o de leads. Que nos permite entregar o m\u00e1ximo de conte\u00fado sobre o Clube Atl\u00e9tico Mineiro, ao nosso p\u00fablico, revertendo em exposi\u00e7\u00e3o maci\u00e7a das marcas, produtos e servi\u00e7os que envolvem nossas parcerias. Se voc\u00ea se interessa em expor sua marca para um p\u00fablico de mais de 80 mil pessoas (Facebook, Twitter, Instagram e Youtube), envie um e-mail para contato@espora13.com.br<\/p>\n","protected":false},"excerpt":{"rendered":"<p>AO2 Tecnologia da Informa\u00e7\u00e3o Servi\u00e7os: Manuten\u00e7\u00e3o, Formata\u00e7\u00e3o, Estrutura\u00e7\u00e3o de Redes, Administra\u00e7\u00e3o de Redes, Suporte Local e Remoto, Consultoria, Design de<\/p>\n","protected":false},"author":6,"featured_media":0,"parent":0,"menu_order":0,"comment_status":"closed","ping_status":"closed","template":"","meta":[],"_links":{"self":[{"href":"https:\/\/espora13.com.br\/index.php\/wp-json\/wp\/v2\/pages\/383"}],"collection":[{"href":"https:\/\/espora13.com.br\/index.php\/wp-json\/wp\/v2\/pages"}],"about":[{"href":"https:\/\/espora13.com.br\/index.php\/wp-json\/wp\/v2\/types\/page"}],"author":[{"embeddable":true,"href":"https:\/\/espora13.com.br\/index.php\/wp-json\/wp\/v2\/users\/6"}],"replies":[{"embeddable":true,"href":"https:\/\/espora13.com.br\/index.php\/wp-json\/wp\/v2\/comments?post=383"}],"version-history":[{"count":6,"href":"https:\/\/espora13.com.br\/index.php\/wp-json\/wp\/v2\/pages\/383\/revisions"}],"predecessor-version":[{"id":430,"href":"https:\/\/espora13.com.br\/index.php\/wp-json\/wp\/v2\/pages\/383\/revisions\/430"}],"wp:attachment":[{"href":"https:\/\/espora13.com.br\/index.php\/wp-json\/wp\/v2\/media?parent=383"}],"curies":[{"name":"wp","href":"https:\/\/api.w.org\/{rel}","templated":true}]}}